{"id":16897,"date":"2025-06-18T14:31:09","date_gmt":"2025-06-18T12:31:09","guid":{"rendered":"https:\/\/vestiarmetalic.wameleon.com\/?page_id=16897"},"modified":"2025-06-19T09:54:53","modified_gmt":"2025-06-19T07:54:53","slug":"terms-and-conditions","status":"publish","type":"page","link":"https:\/\/vestiarmetalic.ro\/en\/termeni-si-conditii\/","title":{"rendered":"Terms and conditions"},"content":{"rendered":"<ol class=\"wp-block-list\">\n<li class=\"has-medium-font-size\"><strong>Introduction:<\/strong><\/li>\n<\/ol>\n\n\n\n<p>These Terms and Conditions (\"Terms and Conditions\") govern the relationship between MAXTRADE B2B SRL, a limited liability company headquartered in Sf\u00e2ntu Gheorghe, str. Rednik nr. 2, 2nd floor, office no. 4 (Sepsi Park Industrial Zone), Covasna County, Romania (hereinafter referred to as \"the Company\"), registered with the Trade Register under no. J2023000049149, having Tax Identification Number (CIF\/CUI) no. 47600591, and the persons using (\"the User\") the website https:\/\/www.vestiarmetalic.ro (hereinafter referred to as \"the website\").\nAccessing and using the website, including any of its pages or sections, may only be done in accordance with these Terms and Conditions, which include the Data Privacy Policy and the Cookie Policy. In order to use the website, we may ask the user to express their agreement with these Terms and Conditions through a specific action that constitutes unequivocal consent (for example, by checking the specific box \"I have read and agree to the Company's TERMS AND CONDITIONS\"). By checking a specific box, the user: expressly agrees to comply with all clauses of these Terms and Conditions; and acknowledges the conditions for the processing of personal data, in accordance with the Company's Privacy Policy.\nIf you do not agree with the provisions of these Terms and Conditions (including any updates thereto), please do not use, or cease using, the website.<\/p>\n\n\n\n<ol start=\"2\" class=\"wp-block-list\">\n<li class=\"has-medium-font-size\"><strong>Changes to Website Content:<\/strong><\/li>\n<\/ol>\n\n\n\n<p>MAXTRADE B2B SRL reserves the right to modify the content and\/or structure of the website at any time, without prior notice.<\/p>\n\n\n\n<ol start=\"3\" class=\"wp-block-list\">\n<li class=\"has-medium-font-size\"><strong>Disclaimer of Warranty and Limitation of Liability:<\/strong><\/li>\n<\/ol>\n\n\n\n<p>MAXTRADE B2B SRL does not guarantee that the information appearing on this website is free of errors, although the Company makes every effort to provide accurate and up-to-date information. MAXTRADE B2B SRL shall not be held legally responsible for any damages, losses, or harm caused to the website user as a result of inaccurate information. The information on the website may be modified at any time, and no warranty of any kind is given regarding the accuracy, timeliness, or completeness of the published information.\nMAXTRADE B2B SRL does not guarantee that the website or the servers on which it is hosted are free of viruses or other potentially harmful software components, or that it is free of errors, omissions, malfunctions, delays, or interruptions in operation or transmission, or any other similar factors. The user accesses and uses the website at their own risk, and the Company is exempt from any liability for direct or indirect damages caused by the use, access, or browsing of the website.<\/p>\n\n\n\n<ol start=\"4\" class=\"wp-block-list\">\n<li class=\"has-medium-font-size\"><strong>Intellectual Property Rights:<\/strong><\/li>\n<\/ol>\n\n\n\n<p>The content of the Company's website \u2014 including images, texts, web graphic elements, scripts, software, design rights, model rights, patents, registered trademarks, etc. \u2014 is the property of MAXTRADE B2B SRL or its collaborators and is protected by the Law on Copyright and Related Rights and by intellectual and industrial property laws. The use of any of the above-mentioned elements without the written consent of the Company is subject to penalties in accordance with applicable legislation.\nAny person wishing to obtain information or request a personalised price offer is invited to complete the form in the Contact section or to send an email to office@vestiarmetalic.ro, and we will get back to you as soon as possible.<\/p>","protected":false},"excerpt":{"rendered":"<p>Prezentele Termeni \u0219i Condi\u021bii (\u201eTermeni \u0219i Condi\u021bii\u201d) guverneaz\u0103 raporturile dintre societatea , o societate cu r\u0103spundere limitat\u0103, av\u00e2nd sediul \u00een<\/p>","protected":false},"author":1,"featured_media":0,"parent":0,"menu_order":0,"comment_status":"closed","ping_status":"closed","template":"","meta":{"footnotes":""},"class_list":["post-16897","page","type-page","status-publish","hentry"],"_links":{"self":[{"href":"https:\/\/vestiarmetalic.ro\/en\/wp-json\/wp\/v2\/pages\/16897","targetHints":{"allow":["GET"]}}],"collection":[{"href":"https:\/\/vestiarmetalic.ro\/en\/wp-json\/wp\/v2\/pages"}],"about":[{"href":"https:\/\/vestiarmetalic.ro\/en\/wp-json\/wp\/v2\/types\/page"}],"author":[{"embeddable":true,"href":"https:\/\/vestiarmetalic.ro\/en\/wp-json\/wp\/v2\/users\/1"}],"replies":[{"embeddable":true,"href":"https:\/\/vestiarmetalic.ro\/en\/wp-json\/wp\/v2\/comments?post=16897"}],"version-history":[{"count":1,"href":"https:\/\/vestiarmetalic.ro\/en\/wp-json\/wp\/v2\/pages\/16897\/revisions"}],"predecessor-version":[{"id":16899,"href":"https:\/\/vestiarmetalic.ro\/en\/wp-json\/wp\/v2\/pages\/16897\/revisions\/16899"}],"wp:attachment":[{"href":"https:\/\/vestiarmetalic.ro\/en\/wp-json\/wp\/v2\/media?parent=16897"}],"curies":[{"name":"wp","href":"https:\/\/api.w.org\/{rel}","templated":true}]}}